{"id":9,"date":"2024-12-16T04:18:38","date_gmt":"2024-12-16T04:18:38","guid":{"rendered":"https:\/\/startertemplatecloud.com\/g33\/?page_id=9"},"modified":"2024-12-19T05:51:41","modified_gmt":"2024-12-19T05:51:41","slug":"refund_returns","status":"publish","type":"page","link":"https:\/\/dashboard.a3bcloud.com\/?page_id=9","title":{"rendered":"Refund and Returns Policy"},"content":{"rendered":"\n<p><strong>DESCARGO DE RESPONSABILIDAD<\/strong><\/p>\n\n\n\n<p><strong>Acuerdo de Usuario y Descargo de Responsabilidad \/ T\u00e9rminos de Uso<\/strong><\/p>\n\n\n\n<p><strong>POR FAVOR LEA CUIDADOSAMENTE LOS SIGUIENTES T\u00c9RMINOS Y CONDICIONES ANTES DE UTILIZAR ESTE SITIO.<\/strong><\/p>\n\n\n\n<p>El acceso y uso de este sitio est\u00e1n sujetos a los siguientes t\u00e9rminos y condiciones, as\u00ed como a todas las leyes aplicables. Por favor, revise estos t\u00e9rminos y condiciones peri\u00f3dicamente, ya que est\u00e1n sujetos a modificaci\u00f3n, alteraci\u00f3n o actualizaci\u00f3n en cualquier momento, a la sola discreci\u00f3n de A3BCLOUD, propietaria de&nbsp;<a href=\"https:\/\/a3bcloud.com\/\">https:\/\/a3bcloud.com<\/a>. Si no est\u00e1 de acuerdo con alg\u00fan t\u00e9rmino o condici\u00f3n, no debe utilizar este sitio.<\/p>\n\n\n\n<p><strong>I. AVISO DE DERECHOS DE AUTOR:<\/strong><\/p>\n\n\n\n<p>Este sitio web y todo su contenido, incluidos, entre otros, el texto y las im\u00e1genes utilizados en este documento y su disposici\u00f3n, est\u00e1n protegidos por derechos de autor \u00a9 A3BCLOUD 2020 \u2013 2024.<\/p>\n\n\n\n<p><strong>II. AVISO DE MARCAS COMERCIALES:<\/strong><\/p>\n\n\n\n<p>A3BCLOUD y todos los dem\u00e1s nombres comerciales, empresas y productos de a3bcloud.com mencionados en este documento son marcas comerciales o marcas comerciales registradas. Todos los dem\u00e1s productos y nombres de empresas mencionados, si los hay, pueden ser marcas comerciales de sus respectivos propietarios. A3bcloud.com no autoriza el uso de ning\u00fan nombre comercial, marca comercial, marca registrada, logotipo o cualquier material protegido por derechos de autor mencionado en este documento para ning\u00fan prop\u00f3sito, incluyendo aplicaciones no comerciales.<\/p>\n\n\n\n<p><strong>III. RESTRICCIONES DE USO:<\/strong><\/p>\n\n\n\n<p>En consideraci\u00f3n por el permiso de usar el sitio web, usted acepta que las siguientes acciones constituyen una infracci\u00f3n material:<\/p>\n\n\n\n<ul class=\"wp-block-list\">\n<li>Recopilar informaci\u00f3n sobre el sitio web o sus usuarios sin nuestro consentimiento por escrito.<\/li>\n\n\n\n<li>Modificar, enmarcar, renderizar (o volver a renderizar), duplicar, truncar, inyectar, filtrar o cambiar cualquier contenido o informaci\u00f3n en el sitio web sin nuestro consentimiento por escrito.<\/li>\n\n\n\n<li>Utilizar cualquier enlace profundo, raspado de p\u00e1gina, robot, rastreo, \u00edndice, ara\u00f1a, spam de clics, programas macro, agente de Internet u otros dispositivos autom\u00e1ticos, programas, algoritmos o metodolog\u00edas para usar, acceder, copiar, adquirir informaci\u00f3n, generar impresiones o clics, ingresar informaci\u00f3n, almacenar informaci\u00f3n, buscar, generar b\u00fasquedas o monitorear el sitio web o cualquier parte del mismo.<\/li>\n\n\n\n<li>Acceder o utilizar el sitio con fines competitivos o comerciales distintos de la transacci\u00f3n comercial con A3BCLOUD.<\/li>\n\n\n\n<li>Ocultar el origen de la informaci\u00f3n transmitida hacia, desde o a trav\u00e9s del sitio web.<\/li>\n\n\n\n<li>Hacerse pasar por otra persona.<\/li>\n\n\n\n<li>Distribuir virus u otro c\u00f3digo inform\u00e1tico da\u00f1ino.<\/li>\n\n\n\n<li>Permitir que cualquier otra persona o entidad se haga pasar por usted para acceder o utilizar el sitio web.<\/li>\n\n\n\n<li>Usar el sitio web para cualquier prop\u00f3sito en violaci\u00f3n de las leyes locales, estatales, nacionales o internacionales.<\/li>\n\n\n\n<li>Usar el sitio web de una manera que tenga la intenci\u00f3n de da\u00f1ar o que una persona razonable entienda que probablemente resultar\u00e1 en da\u00f1o al usuario o a otros.<\/li>\n\n\n\n<li>Eludir cualquier medida implementada por nosotros destinada a prevenir violaciones de los T\u00e9rminos de uso.<\/li>\n<\/ul>\n\n\n\n<p><strong>IV. SITIOS DE TERCEROS:<\/strong><\/p>\n\n\n\n<p>A3BCLOUD puede, ocasionalmente, proporcionar enlaces y punteros a sitios de Internet mantenidos por terceros (\u201csitios de terceros\u201d), y puede proporcionar materiales de terceros en este sitio web. Estos sitios y materiales se proporcionan \u00fanicamente para su comodidad. A3BCLOUD no opera ni controla en ning\u00fan aspecto ninguna informaci\u00f3n, productos o servicios disponibles en estos sitios de terceros y no es responsable de su contenido. A3BCLOUD no hace ninguna representaci\u00f3n con respecto al contenido de estos sitios, y el hecho de que A3bcloud.com haya proporcionado un enlace a dichos sitios no constituye un respaldo, autorizaci\u00f3n, patrocinio o afiliaci\u00f3n por parte de A3bcloud respecto a dichos sitios, sus servicios, productos mostrados, propietarios o proveedores. Usted accede a estos sitios bajo su propio riesgo.<\/p>\n\n\n\n<p><strong>V. EXENCI\u00d3N DE RESPONSABILIDAD:<\/strong><\/p>\n\n\n\n<p>Existen ciertos riesgos al usar cualquier informaci\u00f3n, software o productos encontrados en Internet; A3BCLOUD le advierte que se asegure de comprender completamente estos riesgos antes de recuperar, usar, confiar o comprar cualquier cosa a trav\u00e9s de Internet.<\/p>\n\n\n\n<p>Los visitantes de este sitio web asumen toda la responsabilidad y el riesgo por el uso del sitio. La informaci\u00f3n publicada en este sitio web se proporciona sin cargo para la comodidad de los visitantes y se utiliza \u00fanicamente con fines informativos.<\/p>\n\n\n\n<p>NADA EN ESTE SITIO WEB CONSTITUYE UNA RECOMENDACI\u00d3N O APROBACI\u00d3N DE NING\u00daN ART\u00cdCULO, PRODUCTO O MARCA.<\/p>\n\n\n\n<p>AUNQUE SE HA TOMADO CUIDADO RAZONABLE CON RESPECTO AL CONTENIDO DE ESTE SITIO, A3BCLOUD NO GARANTIZA NI REPRESENTA QUE EL CONTENIDO DE ESTE SITIO SEA EXACTO, COMPLETO O ACTUALIZADO, NI GARANTIZA NI REPRESENTA QUE EL ACCESO Y USO DE ESTE SITIO O EL SERVIDOR QUE LO HACE DISPONIBLE SER\u00c1 ININTERRUMPIDO, LIBRE DE ERRORES Y VIRUS INFORM\u00c1TICOS U OTROS COMPONENTES DA\u00d1INOS. EL CONTENIDO DE ESTE SITIO PUEDE INCLUIR IMPRECISIONES T\u00c9CNICAS O ERRORES TIPOGR\u00c1FICOS POR LOS CUALES A3BCLOUD NO ASUME RESPONSABILIDAD.<\/p>\n\n\n\n<p>TODOS LOS MATERIALES PROPORCIONADOS EN ESTE DOCUMENTO, INCLUYENDO TODOS LOS MATERIALES DISPONIBLES EN SITIOS DE TERCEROS, SE PROPORCIONAN \u201cTAL CUAL\u201d Y \u201cSEG\u00daN DISPONIBILIDAD\u201d Y SIN GARANT\u00cdAS DE NING\u00daN TIPO, YA SEA EXPL\u00cdCITA O IMPL\u00cdCITA.<\/p>\n\n\n\n<p>EN LA MEDIDA M\u00c1XIMA PERMITIDA SEG\u00daN LA LEY APLICABLE, A3BCLOUD RENUNCIA A TODAS LAS GARANT\u00cdAS, EXPL\u00cdCITAS O IMPL\u00cdCITAS, INCLUIDAS, ENTRE OTRAS, LAS GARANT\u00cdAS IMPL\u00cdCITAS DE COMERCIABILIDAD, IDONEIDAD PARA UN FIN EN PARTICULAR, T\u00cdTULO Y NO VIOLACI\u00d3N.<\/p>\n\n\n\n<p><strong>VI. LIMITACI\u00d3N DE RESPONSABILIDAD:<\/strong><\/p>\n\n\n\n<p>A3BCLOUD no es responsable de infecciones, contaminaciones, retrasos en la operaci\u00f3n o transmisi\u00f3n, fallas en la l\u00ednea, errores, omisiones, interrupciones o defectos que surjan de su uso de este sitio o con respecto al material provisto y\/o contenido en este sitio.<\/p>\n\n\n\n<p>En ning\u00fan caso, A3BCLOUD ser\u00e1 responsable de ning\u00fan da\u00f1o especial, directo, indirecto, incidental o consecuente, ni de ning\u00fan otro tipo, que resulte de cualquier causa, incluidos, entre otros, la p\u00e9rdida de uso, la p\u00e9rdida de ganancias o la p\u00e9rdida de datos, ya sea en acci\u00f3n bajo las teor\u00edas del contrato, negligencia, responsabilidad estricta, o de otra manera, que surja o est\u00e9 relacionado de alguna manera con el uso o la incapacidad de usar la informaci\u00f3n o los materiales en el sitio web de A3BCLOUD o a los que se acceda a trav\u00e9s del mismo.<\/p>\n\n\n\n<p>Sin perjuicio de lo anterior, en ning\u00fan caso la responsabilidad total de A3BCLOUD ante usted por cualquier reclamo, da\u00f1o, p\u00e9rdida y causa de acci\u00f3n exceder\u00e1 los montos pagados a A3BCLOUD por usted en relaci\u00f3n con la transacci\u00f3n reclamada por usted para dar lugar a su reclamo.<\/p>\n\n\n\n<p><strong>VII. COMUNICACIONES Y PRESENTACIONES:<\/strong><\/p>\n\n\n\n<p>Al transmitir o publicar cualquier env\u00edo a A3BCLOUD o a este sitio web (<a href=\"https:\/\/a3bcloud.com\/\">https:\/\/a3bcloud.com<\/a>), usted otorga a A3bcloud y sus afiliados un derecho no exclusivo, libre de regal\u00edas, perpetuo, irrevocable y totalmente sublicenciable para usar el contenido de dichos env\u00edos para cualquier prop\u00f3sito, incluido, pero no limitado a, los derechos de reproducir, modificar, adaptar, publicar, traducir, crear trabajos derivados, distribuir y mostrar dicho contenido en todo el mundo en cualquier medio. Tambi\u00e9n otorga a A3bcloud y sus afiliados y sublicenciatarios el derecho, a su exclusivo criterio y sin obligaci\u00f3n de hacerlo, de utilizar el nombre que env\u00ede en relaci\u00f3n con dicho contenido. Adem\u00e1s, acepta que la licencia otorgada en este documento incluye todos los derechos para usar o autorizar el uso de cualquier idea, concepto, conocimiento o t\u00e9cnica contenida en dichos env\u00edos para cualquier prop\u00f3sito.<\/p>\n\n\n\n<p>Usted declara y garantiza que posee o controla todos los derechos sobre el contenido de sus env\u00edos; que el contenido es exacto; que el uso del contenido que proporciona no viola ning\u00fan t\u00e9rmino de este Acuerdo de Usuario y no causar\u00e1 da\u00f1os a ninguna persona o entidad; y que indemnizar\u00e1 a A3BCLOUD o sus afiliados por todos los reclamos que surjan del contenido que proporcione. Usted acepta que ni A3bcloud ni sus licenciatarios ser\u00e1n responsables ante usted por el uso de cualquier env\u00edo. A3bcloud tiene el derecho, pero no la obligaci\u00f3n de monitorear y editar o eliminar cualquier actividad o contenido.<\/p>\n\n\n\n<p>Usted reconoce y acepta que es el \u00fanico responsable de cualquier env\u00edo que env\u00ede a A3BCLOUD o a este sitio web y adem\u00e1s acepta que usted, y no A3BCLOUD, tiene la responsabilidad total por el contenido de dichos env\u00edos, incluida su legalidad, confiabilidad y adecuaci\u00f3n.<\/p>\n\n\n\n<p><strong>VIII. JURISDICCI\u00d3N Y ELECCI\u00d3N DE LA LEY:<\/strong><\/p>\n\n\n\n<p>A3BCLOUD LLC opera este sitio web desde sus oficina Principal 7345 W SAND LAKE RD, STE 210, ORLANDO FL 32819, United States. A3bcloud no garantiza que los materiales de este sitio sean apropiados o est\u00e9n disponibles para su uso en otros lugares. Aquellos que elijan acceder a este sitio web desde otros lugares lo hacen bajo su propio riesgo y son responsables de cumplir con todas las leyes locales, en la medida en que las leyes locales sean aplicables.<\/p>\n\n\n\n<p>Este acuerdo y cualquier disputa que surja de y fuera de este sitio web se interpretar\u00e1 de acuerdo con las leyes del Estado Deleware. Cualquier acci\u00f3n legal con respecto a este acuerdo o este sitio web solo se iniciar\u00e1 en los tribunales estatales o ubicados Deleware 8, Dover Country Of Kent zip Code 19901 United States Al usar este sitio, usted acepta la jurisdicci\u00f3n personal de estos tribunales.<\/p>\n\n\n\n<p><strong>IX. CONSULTAS:<\/strong><\/p>\n\n\n\n<p>Si tiene alguna pregunta con respecto a cualquier parte de este acuerdo, o si desea consultar sobre los derechos de uso no otorgados expl\u00edcitamente en este documento, env\u00ede sus preguntas por correo electr\u00f3nico a&nbsp;<a>support@a3bcloud.com<\/a>.<\/p>\n\n\n\n<p><strong>X. TERMINACI\u00d3N:<\/strong><\/p>\n\n\n\n<p>A3BCLOUD o usted pueden rescindir este acuerdo en cualquier momento. Usted puede rescindir este acuerdo destruyendo todos los materiales obtenidos de este sitio web. a3bcloud.com, puede rescindir este acuerdo inmediatamente sin previo aviso si, a su exclusivo criterio, usted incumple cualquier t\u00e9rmino o condici\u00f3n de este acuerdo. Al finalizar, debe destruir todos los materiales obtenidos de este sitio web.<\/p>\n\n\n\n<p><strong>XI. INTEGRACI\u00d3N:<\/strong><\/p>\n\n\n\n<p>Este acuerdo constituye el acuerdo completo entre usted y A3bcloud y reemplaza cualquier argumento, entendimiento u otra comunicaci\u00f3n oral o escrita anterior entre las partes. No se puede modificar este acuerdo excepto por escrito firmado por usted y un signatario autorizado de A3bcloud.com.<\/p>\n\n\n\n<p><strong>XII. ENV\u00cdO INTERNACIONAL:<\/strong><\/p>\n\n\n\n<p>Algunos fabricantes, incluidos Sony y Yamaha, nos restringen la venta de algunos de sus productos fuera de los Estados Unidos.<\/p>\n\n\n\n<p><strong>XIII. OTROS:<\/strong><\/p>\n\n\n\n<p>Los encabezados de este acuerdo son solo para fines de referencia y no tienen ning\u00fan efecto legal. Si alguna parte de este acuerdo es nula o inaplicable en su totalidad o en parte, las disposiciones restantes del acuerdo permanecer\u00e1n en vigor.<\/p>\n\n\n\n<p><strong>XIV. DESCARGO DE RESPONSABILIDAD DE EXPORTACI\u00d3N:<\/strong><\/p>\n\n\n\n<p>Los art\u00edculos que vendemos est\u00e1n sujetos a las leyes y regulaciones de control de exportaciones en estados unidos de america, incluidas las Regulaciones de Administraci\u00f3n de Exportaciones y las Regulaciones de Tr\u00e1fico Internacional de Armas, y pueden requerir una licencia u otra autorizaci\u00f3n del gobierno de Estados Unidos de America. para ser exportados del estado United States. Sin limitaci\u00f3n, las partes que compran a A3bcloud son las \u00fanicas responsables de determinar los requisitos de licencia de exportaci\u00f3n aplicables y de obtener cualquier licencia u otras autorizaciones de las agencias correspondientes del gobierno deUnited States, que sean necesarias para exportar art\u00edculos del estado United States, como el Departamento de Comercio o el Departamento de Estado de United States.<\/p>\n\n\n\n<p><strong>XV. T\u00c9RMINOS Y CONDICIONES M\u00d3VILES | POL\u00cdTICA DE PRIVACIDAD<\/strong><\/p>\n\n\n\n<p><strong>A3BCLOUD LLC<\/strong><\/p>\n\n\n\n<p><strong>Cont\u00e1ctenos:<\/strong><\/p>\n\n\n\n<p><a>Legal@a3bcloud.com<\/a><\/p>\n\n\n\n<p><strong>Pol\u00edtica de Privacidad:<\/strong><\/p>\n\n\n\n<p>Por favor, consulte nuestra&nbsp;<a href=\"https:\/\/a3bcloud.com\/privacy-policy\/\">pol\u00edtica de privacidad.<\/a><\/p>\n\n\n\n<p><strong>Historial de Versiones:<\/strong><\/p>\n\n\n\n<p>Versi\u00f3n 1.0 Fecha de acuerdo inicial: 07 de Junio del 2024<\/p>\n","protected":false},"excerpt":{"rendered":"<p>DESCARGO DE RESPONSABILIDAD Acuerdo de Usuario y Descargo de Responsabilidad \/ T\u00e9rminos de Uso POR FAVOR LEA CUIDADOSAMENTE LOS SIGUIENTES T\u00c9RMINOS Y CONDICIONES ANTES DE UTILIZAR ESTE SITIO. El acceso y uso de este sitio est\u00e1n sujetos a los siguientes t\u00e9rminos y condiciones, as\u00ed como a todas las leyes aplicables. Por favor, revise estos t\u00e9rminos&#8230;<\/p>\n","protected":false},"author":1,"featured_media":0,"parent":0,"menu_order":6,"comment_status":"closed","ping_status":"closed","template":"","meta":{"_kad_blocks_custom_css":"","_kad_blocks_head_custom_js":"","_kad_blocks_body_custom_js":"","_kad_blocks_footer_custom_js":"","_kadence_starter_templates_imported_post":true,"_kad_post_transparent":"","_kad_post_title":"","_kad_post_layout":"","_kad_post_sidebar_id":"","_kad_post_content_style":"","_kad_post_vertical_padding":"","_kad_post_feature":"","_kad_post_feature_position":"","_kad_post_header":false,"_kad_post_footer":false,"_kad_post_classname":"","footnotes":""},"class_list":["post-9","page","type-page","status-publish","hentry"],"taxonomy_info":[],"featured_image_src_large":false,"author_info":{"display_name":"kyr1o","author_link":"https:\/\/dashboard.a3bcloud.com\/?author=1"},"comment_info":0,"_links":{"self":[{"href":"https:\/\/dashboard.a3bcloud.com\/index.php?rest_route=\/wp\/v2\/pages\/9","targetHints":{"allow":["GET"]}}],"collection":[{"href":"https:\/\/dashboard.a3bcloud.com\/index.php?rest_route=\/wp\/v2\/pages"}],"about":[{"href":"https:\/\/dashboard.a3bcloud.com\/index.php?rest_route=\/wp\/v2\/types\/page"}],"author":[{"embeddable":true,"href":"https:\/\/dashboard.a3bcloud.com\/index.php?rest_route=\/wp\/v2\/users\/1"}],"replies":[{"embeddable":true,"href":"https:\/\/dashboard.a3bcloud.com\/index.php?rest_route=%2Fwp%2Fv2%2Fcomments&post=9"}],"version-history":[{"count":2,"href":"https:\/\/dashboard.a3bcloud.com\/index.php?rest_route=\/wp\/v2\/pages\/9\/revisions"}],"predecessor-version":[{"id":3273,"href":"https:\/\/dashboard.a3bcloud.com\/index.php?rest_route=\/wp\/v2\/pages\/9\/revisions\/3273"}],"wp:attachment":[{"href":"https:\/\/dashboard.a3bcloud.com\/index.php?rest_route=%2Fwp%2Fv2%2Fmedia&parent=9"}],"curies":[{"name":"wp","href":"https:\/\/api.w.org\/{rel}","templated":true}]}}