{"id":3044,"date":"2024-12-16T04:22:37","date_gmt":"2024-12-16T04:22:37","guid":{"rendered":"https:\/\/dashboard.a3bcloud.com\/?page_id=3044"},"modified":"2024-12-16T04:22:37","modified_gmt":"2024-12-16T04:22:37","slug":"privacy-policy","status":"publish","type":"page","link":"https:\/\/dashboard.a3bcloud.com\/?page_id=3044","title":{"rendered":"Privacy Policy"},"content":{"rendered":"\n<p><strong>Pol\u00edtica de Privacidad<\/strong><\/p>\n\n\n\n<p><strong>\u00daltima actualizaci\u00f3n:<\/strong>&nbsp;20-07-2024<\/p>\n\n\n\n<p>En a3bcloud.com, valoramos y respetamos la privacidad de nuestros usuarios. Esta Pol\u00edtica de Privacidad describe c\u00f3mo recopilamos, usamos, y protegemos su informaci\u00f3n personal cuando visita nuestro sitio web.<\/p>\n\n\n\n<p><strong>1. Informaci\u00f3n que Recopilamos<\/strong><\/p>\n\n\n\n<p>Recopilamos varios tipos de informaci\u00f3n para proporcionar y mejorar nuestros servicios, incluyendo:<\/p>\n\n\n\n<ul class=\"wp-block-list\">\n<li><strong>Informaci\u00f3n Personal:<\/strong>\u00a0Nombre, direcci\u00f3n de correo electr\u00f3nico, n\u00famero de tel\u00e9fono y otra informaci\u00f3n de contacto que usted nos proporciona voluntariamente.<\/li>\n\n\n\n<li><strong>Informaci\u00f3n de Uso:<\/strong>\u00a0Datos sobre c\u00f3mo accede y utiliza nuestro sitio web, incluyendo su direcci\u00f3n IP, tipo de navegador, p\u00e1ginas visitadas, y el tiempo dedicado a esas p\u00e1ginas.<\/li>\n\n\n\n<li><strong>Cookies y Tecnolog\u00edas Similares:<\/strong>\u00a0Utilizamos cookies y tecnolog\u00edas similares para rastrear la actividad en nuestro sitio web y almacenar cierta informaci\u00f3n.<\/li>\n<\/ul>\n\n\n\n<p><strong>2. Uso de su Informaci\u00f3n<\/strong><\/p>\n\n\n\n<p>Utilizamos la informaci\u00f3n que recopilamos para:<\/p>\n\n\n\n<ul class=\"wp-block-list\">\n<li>Proporcionar y mantener nuestros servicios.<\/li>\n\n\n\n<li>Notificarle sobre cambios en nuestros servicios.<\/li>\n\n\n\n<li>Permitirle participar en funciones interactivas de nuestro sitio web cuando elija hacerlo.<\/li>\n\n\n\n<li>Ofrecer atenci\u00f3n al cliente y soporte.<\/li>\n\n\n\n<li>Monitorear el uso de nuestro sitio web.<\/li>\n\n\n\n<li>Detectar, prevenir y abordar problemas t\u00e9cnicos.<\/li>\n<\/ul>\n\n\n\n<p><strong>3. Compartici\u00f3n de su Informaci\u00f3n<\/strong><\/p>\n\n\n\n<p>No compartimos su informaci\u00f3n personal con terceros, excepto en las siguientes circunstancias:<\/p>\n\n\n\n<ul class=\"wp-block-list\">\n<li><strong>Proveedores de Servicios:<\/strong>\u00a0Podemos emplear empresas y personas terceras para facilitar nuestro servicio, proporcionar el servicio en nuestro nombre, realizar servicios relacionados con el servicio o para ayudarnos a analizar c\u00f3mo se utiliza nuestro servicio.<\/li>\n\n\n\n<li><strong>Cumplimiento Legal:<\/strong>\u00a0Podemos divulgar su informaci\u00f3n personal cuando lo requiera la ley o en respuesta a solicitudes v\u00e1lidas por autoridades p\u00fablicas.<\/li>\n<\/ul>\n\n\n\n<p><strong>4. Seguridad de la Informaci\u00f3n<\/strong><\/p>\n\n\n\n<p>Nos esforzamos por utilizar medios comercialmente aceptables para proteger su informaci\u00f3n personal, pero recuerde que ning\u00fan m\u00e9todo de transmisi\u00f3n por Internet o de almacenamiento electr\u00f3nico es 100% seguro.<\/p>\n\n\n\n<p><strong>5. Sus Derechos<\/strong><\/p>\n\n\n\n<p>Usted tiene el derecho de acceder, actualizar o eliminar la informaci\u00f3n personal que tenemos sobre usted. Si desea ejercer cualquiera de estos derechos, por favor cont\u00e1ctenos a [correo electr\u00f3nico de contacto].<\/p>\n\n\n\n<p><strong>6. Enlaces a Otros Sitios Web<\/strong><\/p>\n\n\n\n<p>Nuestro sitio web puede contener enlaces a otros sitios que no son operados por nosotros. Si hace clic en un enlace de terceros, ser\u00e1 dirigido al sitio de ese tercero. Le recomendamos revisar la Pol\u00edtica de Privacidad de cada sitio que visite.<\/p>\n\n\n\n<p><strong>7. Cambios a esta Pol\u00edtica de Privacidad<\/strong><\/p>\n\n\n\n<p>Podemos actualizar nuestra Pol\u00edtica de Privacidad de vez en cuando. Le notificaremos cualquier cambio publicando la nueva Pol\u00edtica de Privacidad en esta p\u00e1gina. Se recomienda revisar esta Pol\u00edtica de Privacidad peri\u00f3dicamente para cualquier cambio.<\/p>\n\n\n\n<p><strong>8. Cont\u00e1ctenos<\/strong><\/p>\n\n\n\n<p>Si tiene alguna pregunta sobre esta Pol\u00edtica de Privacidad, por favor cont\u00e1ctenos:<\/p>\n\n\n\n<ul class=\"wp-block-list\">\n<li><strong>Por correo electr\u00f3nico:<\/strong>\u00a0privacidad@a3bcloud.com<\/li>\n\n\n\n<li><strong>Por tel\u00e9fono:<\/strong>\u00a0+18152644395<\/li>\n<\/ul>\n","protected":false},"excerpt":{"rendered":"<p>Pol\u00edtica de Privacidad \u00daltima actualizaci\u00f3n:&nbsp;20-07-2024 En a3bcloud.com, valoramos y respetamos la privacidad de nuestros usuarios. Esta Pol\u00edtica de Privacidad describe c\u00f3mo recopilamos, usamos, y protegemos su informaci\u00f3n personal cuando visita nuestro sitio web. 1. Informaci\u00f3n que Recopilamos Recopilamos varios tipos de informaci\u00f3n para proporcionar y mejorar nuestros servicios, incluyendo: 2. Uso de su Informaci\u00f3n Utilizamos&#8230;<\/p>\n","protected":false},"author":1,"featured_media":0,"parent":0,"menu_order":7,"comment_status":"closed","ping_status":"closed","template":"","meta":{"_kad_blocks_custom_css":"","_kad_blocks_head_custom_js":"","_kad_blocks_body_custom_js":"","_kad_blocks_footer_custom_js":"","_kadence_starter_templates_imported_post":false,"_kad_post_transparent":"","_kad_post_title":"","_kad_post_layout":"","_kad_post_sidebar_id":"","_kad_post_content_style":"","_kad_post_vertical_padding":"","_kad_post_feature":"","_kad_post_feature_position":"","_kad_post_header":false,"_kad_post_footer":false,"_kad_post_classname":"","footnotes":""},"class_list":["post-3044","page","type-page","status-publish","hentry"],"taxonomy_info":[],"featured_image_src_large":false,"author_info":{"display_name":"kyr1o","author_link":"https:\/\/dashboard.a3bcloud.com\/?author=1"},"comment_info":0,"_links":{"self":[{"href":"https:\/\/dashboard.a3bcloud.com\/index.php?rest_route=\/wp\/v2\/pages\/3044","targetHints":{"allow":["GET"]}}],"collection":[{"href":"https:\/\/dashboard.a3bcloud.com\/index.php?rest_route=\/wp\/v2\/pages"}],"about":[{"href":"https:\/\/dashboard.a3bcloud.com\/index.php?rest_route=\/wp\/v2\/types\/page"}],"author":[{"embeddable":true,"href":"https:\/\/dashboard.a3bcloud.com\/index.php?rest_route=\/wp\/v2\/users\/1"}],"replies":[{"embeddable":true,"href":"https:\/\/dashboard.a3bcloud.com\/index.php?rest_route=%2Fwp%2Fv2%2Fcomments&post=3044"}],"version-history":[{"count":1,"href":"https:\/\/dashboard.a3bcloud.com\/index.php?rest_route=\/wp\/v2\/pages\/3044\/revisions"}],"predecessor-version":[{"id":3045,"href":"https:\/\/dashboard.a3bcloud.com\/index.php?rest_route=\/wp\/v2\/pages\/3044\/revisions\/3045"}],"wp:attachment":[{"href":"https:\/\/dashboard.a3bcloud.com\/index.php?rest_route=%2Fwp%2Fv2%2Fmedia&parent=3044"}],"curies":[{"name":"wp","href":"https:\/\/api.w.org\/{rel}","templated":true}]}}